{"id":97,"date":"2015-02-08T14:25:10","date_gmt":"2015-02-08T13:25:10","guid":{"rendered":"http:\/\/cskorn.de\/wordpress\/?page_id=97"},"modified":"2020-10-08T06:05:19","modified_gmt":"2020-10-08T06:05:19","slug":"beispiele","status":"publish","type":"page","link":"https:\/\/edv-korn.de\/?page_id=97","title":{"rendered":"Datenerfassung Rettungsdienst"},"content":{"rendered":"<p><span class=\"S17\">Die Datenerfassung Rettungsdienst ist mit folgenden Komponenten in der Basisversion ausgestattet:<\/span><\/p>\n<ul>\n<li><span class=\"S5\">Passwortabfrage bei Programmstart, der angemeldete Mitarbeiter wird in den Checklisten als Verantwortlicher eingetragen<\/span><\/li>\n<li><span class=\"S5\">Erfassung des t\u00e4glichen Checks der Einsatzfahrzeuge inklusive Druckvorlagen f\u00fcr t\u00e4gliche, w\u00f6chentliche und monatliche Auswertung<\/span><\/li>\n<li><span class=\"S5\">Passwort\u00e4nderung durch den jeweiligen Mitarbeiter<\/span><\/li>\n<li><span class=\"S5\">Erfassung des Medikamentenverbrauchs inklusive Inventur und Verbrauchsstatistik<\/span><\/li>\n<li><span class=\"S5\">Erfassung von Fehlerprotokollen inklusive Ausdruck des gerade ausgef\u00fcllten Protokolls<\/span><\/li>\n<li><span class=\"S5\">Erfassung der Mitarbeiter-Stammdaten inklusive Alarmplan und MA-Liste, \u00c4nderung der pers\u00f6nlichen Daten durch den Mitarbeiter<\/span><\/li>\n<li><span class=\"S5\">Firmeninformationen, auch f\u00fcr mehrere Standorte m\u00f6glich<\/span><\/li>\n<\/ul>\n<p><span class=\"S17\">Optional sind folgende Module erh\u00e4ltlich:<\/span><\/p>\n<ul>\n<li><span class=\"S5\">Transporterfassung inklusive Druckfunktionen der Transporte, Auswahl nach Datumsbereich<\/span><\/li>\n<li><span class=\"S5\">Diensttausch\/ Dienstr\u00fccktausch inklusive Druck des Formulars<\/span><\/li>\n<li><span class=\"S5\">Lagerverwaltung Verbrauchsmaterial inklusive Inventur<\/span><\/li>\n<li>Lagerverwaltung zentrales Lager inklusive Druck eines Lieferscheines<\/li>\n<li><span class=\"S5\">Erfassung von Unfallmeldungen inklusive Druck des Formulars<\/span><\/li>\n<li><span class=\"S5\">Erfassung der MPG-Einweisungen inklusive Druck der Daten nach MA oder Ger\u00e4t<\/span><\/li>\n<li><span class=\"S5\">Bestandsverzeichnis Technik\/ Ausr\u00fcstung<\/span><\/li>\n<li><span class=\"S5\">Erfassung der QM-Verantwortlichen inkl. Funktionen<\/span><\/li>\n<li><span class=\"S5\">Erfassung der Kontrollen von Blutzuckermessger\u00e4ten inklusive Formulardruck<\/span><\/li>\n<li><span class=\"S5\">Erfassung der Kontrollen von automatischen Dosiervorrichtungen (Desinfektionsmittel u.\u00e4.) inklusive Formulardruck<\/span><\/li>\n<li><span class=\"S5\">Verwaltung von zus\u00e4tzlichen Apotheken<\/span><\/li>\n<li><span class=\"S5\">weitere Module k\u00f6nnen nach Absprache hinzugef\u00fcgt werden<\/span><\/li>\n<\/ul>\n<p>Bei jedem Start der Datenerfassung wird eine Passworteingabe angefordert.<br \/>\nNach Ablauf einer festgelegten Frist wird der Mitarbeiter aufgefordert, sein Passwort zu erneuern. Nach Ablauf der Frist zum \u00c4ndern kann die Passworteingabe nicht mehr aufgerufen werden und eine Aufforderung zum \u00c4ndern des Passwortes wird angezeigt.\u00a0Solange diese \u00c4nderung nicht ausgef\u00fchrt wurde, kann sich der Mitarbeiter nicht mehr einw\u00e4hlen.<\/p>\n<p>Der Administrator erh\u00e4lt eine Anleitung zur Einwahl des MA. Nach der Anmeldung wird das Startformular ge\u00f6ffnet.<\/p>\n<p>&nbsp;<\/p>\n<p><a href=\"https:\/\/edv-korn.de\/?page_id=187\">Checklisten<\/a><\/p>\n<p><a href=\"https:\/\/edv-korn.de\/?page_id=203\">Firmeninformationen<\/a><\/p>\n<p><a href=\"https:\/\/edv-korn.de\/?page_id=189\">Medikamenten- und Lagerverwaltung<\/a><\/p>\n<p>Lagerverwaltung<\/p>\n ","protected":false},"excerpt":{"rendered":"<p>Die Datenerfassung Rettungsdienst ist mit folgenden Komponenten in der Basisversion ausgestattet: Passwortabfrage bei Programmstart, der angemeldete Mitarbeiter wird in den Checklisten als Verantwortlicher eingetragen Erfassung des t\u00e4glichen Checks der Einsatzfahrzeuge inklusive Druckvorlagen f\u00fcr t\u00e4gliche, w\u00f6chentliche und monatliche Auswertung Passwort\u00e4nderung durch den jeweiligen Mitarbeiter Erfassung des Medikamentenverbrauchs inklusive Inventur und Verbrauchsstatistik Erfassung von Fehlerprotokollen inklusive Ausdruck des gerade ausgef\u00fcllten Protokolls Erfassung der Mitarbeiter-Stammdaten inklusive Alarmplan und MA-Liste, \u00c4nderung der pers\u00f6nlichen Daten durch den Mitarbeiter Firmeninformationen, auch f\u00fcr mehrere Standorte m\u00f6glich Optional sind folgende Module erh\u00e4ltlich: Transporterfassung inklusive Druckfunktionen der Transporte, Auswahl nach Datumsbereich Diensttausch\/ Dienstr\u00fccktausch inklusive Druck des Formulars Lagerverwaltung Verbrauchsmaterial inklusive Inventur Lagerverwaltung zentrales Lager inklusive Druck eines Lieferscheines Erfassung von Unfallmeldungen inklusive Druck des Formulars Erfassung der MPG-Einweisungen inklusive Druck der Daten nach MA oder Ger\u00e4t Bestandsverzeichnis Technik\/ Ausr\u00fcstung Erfassung der QM-Verantwortlichen inkl. Funktionen Erfassung der Kontrollen von Blutzuckermessger\u00e4ten inklusive Formulardruck Erfassung der Kontrollen von automatischen Dosiervorrichtungen (Desinfektionsmittel u.\u00e4.) inklusive Formulardruck Verwaltung von zus\u00e4tzlichen Apotheken weitere Module k\u00f6nnen nach Absprache hinzugef\u00fcgt werden Bei jedem Start der Datenerfassung wird eine Passworteingabe angefordert. Nach Ablauf einer festgelegten Frist wird der Mitarbeiter aufgefordert, sein Passwort zu erneuern. Nach Ablauf der Frist zum \u00c4ndern kann die Passworteingabe nicht mehr aufgerufen werden und eine Aufforderung zum \u00c4ndern des Passwortes wird angezeigt.\u00a0Solange diese \u00c4nderung nicht ausgef\u00fchrt wurde, kann sich der Mitarbeiter nicht mehr einw\u00e4hlen. Der Administrator erh\u00e4lt eine Anleitung zur Einwahl des MA. Nach der Anmeldung wird das Startformular ge\u00f6ffnet. &nbsp; Checklisten Firmeninformationen Medikamenten- und Lagerverwaltung Lagerverwaltung<\/p>\n","protected":false},"author":1,"featured_media":0,"parent":84,"menu_order":5,"comment_status":"closed","ping_status":"closed","template":"","meta":{"footnotes":""},"class_list":["post-97","page","type-page","status-publish","hentry"],"acf":[],"_links":{"self":[{"href":"https:\/\/edv-korn.de\/index.php?rest_route=\/wp\/v2\/pages\/97","targetHints":{"allow":["GET"]}}],"collection":[{"href":"https:\/\/edv-korn.de\/index.php?rest_route=\/wp\/v2\/pages"}],"about":[{"href":"https:\/\/edv-korn.de\/index.php?rest_route=\/wp\/v2\/types\/page"}],"author":[{"embeddable":true,"href":"https:\/\/edv-korn.de\/index.php?rest_route=\/wp\/v2\/users\/1"}],"replies":[{"embeddable":true,"href":"https:\/\/edv-korn.de\/index.php?rest_route=%2Fwp%2Fv2%2Fcomments&post=97"}],"version-history":[{"count":1,"href":"https:\/\/edv-korn.de\/index.php?rest_route=\/wp\/v2\/pages\/97\/revisions"}],"predecessor-version":[{"id":447,"href":"https:\/\/edv-korn.de\/index.php?rest_route=\/wp\/v2\/pages\/97\/revisions\/447"}],"up":[{"embeddable":true,"href":"https:\/\/edv-korn.de\/index.php?rest_route=\/wp\/v2\/pages\/84"}],"wp:attachment":[{"href":"https:\/\/edv-korn.de\/index.php?rest_route=%2Fwp%2Fv2%2Fmedia&parent=97"}],"curies":[{"name":"wp","href":"https:\/\/api.w.org\/{rel}","templated":true}]}}