{"id":58,"date":"2015-01-19T10:39:58","date_gmt":"2015-01-19T09:39:58","guid":{"rendered":"http:\/\/cskorn.de\/wordpress\/?page_id=58"},"modified":"2025-05-25T18:19:25","modified_gmt":"2025-05-25T18:19:25","slug":"datenbank-rd","status":"publish","type":"page","link":"https:\/\/edv-korn.de\/?page_id=58","title":{"rendered":"Datenbankl\u00f6sungen"},"content":{"rendered":"<div id=\"3_1\" class=\"S17\">\n<div>\n<h2 align=\"left\"><span class=\"S12\">Sie suchen eine preiswerte Datenbankl\u00f6sung f\u00fcr Ihren Rettungsdienst?<\/span><span class=\"S13\"><br \/>\n<\/span><\/h2>\n<p align=\"left\"><span class=\"S14\">Mehr als 10 Jahre werden durch mich Datenbanken\u00a0mit Microsoft\u00ae Access\u00ae programmiert. Speziell f\u00fcr den Rettungsdienst ist die <strong>Datenerfassung Rettungsdienst<\/strong> entstanden. Diese Datenerfassung wird von mir f\u00fcr den jeweiligen Rettungsdienst programmiert und in ein Frontend und ein Backend geteilt. Nat\u00fcrlich ist es auch m\u00f6glich, die Basisversion ohne weitere Anpassungen zu betreiben. Diese besteht dann aus einer Datei ohne Anbindung an ein Backend.<\/span><span class=\"S15\"><br \/>\n<\/span><\/p>\n<p>Die Datenerfassung kann durch verschiedene weitere Module erg\u00e4nzt werden. Den Inhalt der Basis und Beispiele f\u00fcr Erweiterungen finden Sie unter &#8222;<span class=\"S16\">Beispiele<\/span><span class=\"S14\">&#8222;.<br \/>\nSie k\u00f6nnen bei mir gerne eine Basis-Demoversion bestellen. Diese Version beinhaltet die Basisversion und es k\u00f6nnen jeweils nur 10 Datens\u00e4tze eingetragen werden.<\/span><\/p>\n<\/div>\n<\/div>\n<div id=\"3_2\" class=\"S1\">\n<div>\n<div align=\"left\"><span class=\"S18\"><br \/>\n<\/span><span class=\"S14\">Als Rettungsassistent in Rente habe ich den n\u00f6tigen Einblick in den Ablauf eines Rettungsdienstes. <\/span>Die Datenbanken Rettungsdienst dienen der Erfassung und Auswertung von Einsatzdaten, Daten zur Fahrzeugverwaltung, Personalverwaltung, Lagerverwaltung und f\u00fcr die Nachweise vorgeschriebener T\u00e4tigkeiten. Sie verf\u00fcgen alle \u00fcber eine Passwortverschl\u00fcsselung und k\u00f6nnen wahlweise als Front-, Backendl\u00f6sung auch in Netzwerken eingesetzt werden.<br \/>\nSie erhalten eine Setup-Datei, die die Anwendung auf Ihrem Computer installiert. Falls Sie eine Frontend- Backend-L\u00f6sung w\u00fcnschen, wird das Setup beide Dateien in vorgegebene Ordner installieren. Die Deinstallation erfolgt \u00fcber die Systemsteuerung von Windows. Durch die st\u00e4ndige Weiterentwicklung werden eventuell aufgetretene Probleme mit Updates gel\u00f6st. Die Datenbank wird mit Ihnen als Kunden abgesprochen und individuell nach den W\u00fcnschen erstellt. Selbstverst\u00e4ndlich steht eine Datenerfassung mit den Grundfunktionen sofort zur Verf\u00fcgung. Eine Testversion kann in <a href=\"https:\/\/edv-korn.de\/?page_id=33\">Kontakt<\/a> bestellt werden. Sie k\u00f6nnen dort 10 Datens\u00e4tze zur Probe eingeben.<br \/>\nFormulare und Ausdrucke der Datenbank k\u00f6nnen an die Anforderungen eines QM-Systems angepasst werden.Zu allen von mir entwickelten Datenbanken biete ich jeweils auch Schulungen an.<br \/>\nMeine Datenbanken f\u00fcr den Rettungsdienst werden bereits in verschiedenen Rettungswachen betrieben.<span class=\"S19\"><br \/>\n<\/span><span class=\"S18\"><br \/>\nEine <strong>Pr\u00e4sentation<\/strong> mit verschiedenen Komponenten <strong>der Datenerfassung<\/strong> und <strong>eine Preisliste<\/strong> kann bei mir unter <\/span><span class=\"S18\">&#8222;<\/span><a title=\"Standort\/Kontakt\" href=\"https:\/\/edv-korn.de\/?page_id=33\"><span class=\"S20\">Kontakt<\/span><\/a><span class=\"S18\">&#8220; bestellt werden.<\/span><\/div>\n<\/div>\n<\/div>\n ","protected":false},"excerpt":{"rendered":"<p>Sie suchen eine preiswerte Datenbankl\u00f6sung f\u00fcr Ihren Rettungsdienst? Mehr als 10 Jahre werden durch mich Datenbanken\u00a0mit Microsoft\u00ae Access\u00ae programmiert. Speziell f\u00fcr den Rettungsdienst ist die Datenerfassung Rettungsdienst entstanden. Diese Datenerfassung wird von mir f\u00fcr den jeweiligen Rettungsdienst programmiert und in ein Frontend und ein Backend geteilt. Nat\u00fcrlich ist es auch m\u00f6glich, die Basisversion ohne weitere Anpassungen zu betreiben. Diese besteht dann aus einer Datei ohne Anbindung an ein Backend. Die Datenerfassung kann durch verschiedene weitere Module erg\u00e4nzt werden. Den Inhalt der Basis und Beispiele f\u00fcr Erweiterungen finden Sie unter &#8222;Beispiele&#8222;. Sie k\u00f6nnen bei mir gerne eine Basis-Demoversion bestellen. Diese Version beinhaltet die Basisversion und es k\u00f6nnen jeweils nur 10 Datens\u00e4tze eingetragen werden. Als Rettungsassistent in Rente habe ich den n\u00f6tigen Einblick in den Ablauf eines Rettungsdienstes. Die Datenbanken Rettungsdienst dienen der Erfassung und Auswertung von Einsatzdaten, Daten zur Fahrzeugverwaltung, Personalverwaltung, Lagerverwaltung und f\u00fcr die Nachweise vorgeschriebener T\u00e4tigkeiten. Sie verf\u00fcgen alle \u00fcber eine Passwortverschl\u00fcsselung und k\u00f6nnen wahlweise als Front-, Backendl\u00f6sung auch in Netzwerken eingesetzt werden. Sie erhalten eine Setup-Datei, die die Anwendung auf Ihrem Computer installiert. Falls Sie eine Frontend- Backend-L\u00f6sung w\u00fcnschen, wird das Setup beide Dateien in vorgegebene Ordner installieren. Die Deinstallation erfolgt \u00fcber die Systemsteuerung von Windows. Durch die st\u00e4ndige Weiterentwicklung werden eventuell aufgetretene Probleme mit Updates gel\u00f6st. Die Datenbank wird mit Ihnen als Kunden abgesprochen und individuell nach den W\u00fcnschen erstellt. Selbstverst\u00e4ndlich steht eine Datenerfassung mit den Grundfunktionen sofort zur Verf\u00fcgung. Eine Testversion kann in Kontakt bestellt werden. Sie k\u00f6nnen dort 10 Datens\u00e4tze zur Probe eingeben. Formulare und Ausdrucke der Datenbank k\u00f6nnen an die Anforderungen eines QM-Systems angepasst werden.Zu allen von mir entwickelten Datenbanken biete ich jeweils auch Schulungen an. Meine Datenbanken f\u00fcr den Rettungsdienst werden bereits in verschiedenen Rettungswachen betrieben. Eine Pr\u00e4sentation mit verschiedenen Komponenten der Datenerfassung und eine Preisliste kann bei mir unter &#8222;Kontakt&#8220; bestellt werden.<\/p>\n","protected":false},"author":1,"featured_media":0,"parent":84,"menu_order":4,"comment_status":"closed","ping_status":"closed","template":"","meta":{"footnotes":""},"class_list":["post-58","page","type-page","status-publish","hentry"],"acf":[],"_links":{"self":[{"href":"https:\/\/edv-korn.de\/index.php?rest_route=\/wp\/v2\/pages\/58","targetHints":{"allow":["GET"]}}],"collection":[{"href":"https:\/\/edv-korn.de\/index.php?rest_route=\/wp\/v2\/pages"}],"about":[{"href":"https:\/\/edv-korn.de\/index.php?rest_route=\/wp\/v2\/types\/page"}],"author":[{"embeddable":true,"href":"https:\/\/edv-korn.de\/index.php?rest_route=\/wp\/v2\/users\/1"}],"replies":[{"embeddable":true,"href":"https:\/\/edv-korn.de\/index.php?rest_route=%2Fwp%2Fv2%2Fcomments&post=58"}],"version-history":[{"count":4,"href":"https:\/\/edv-korn.de\/index.php?rest_route=\/wp\/v2\/pages\/58\/revisions"}],"predecessor-version":[{"id":684,"href":"https:\/\/edv-korn.de\/index.php?rest_route=\/wp\/v2\/pages\/58\/revisions\/684"}],"up":[{"embeddable":true,"href":"https:\/\/edv-korn.de\/index.php?rest_route=\/wp\/v2\/pages\/84"}],"wp:attachment":[{"href":"https:\/\/edv-korn.de\/index.php?rest_route=%2Fwp%2Fv2%2Fmedia&parent=58"}],"curies":[{"name":"wp","href":"https:\/\/api.w.org\/{rel}","templated":true}]}}